{"id":865,"date":"2024-01-23T18:49:23","date_gmt":"2024-01-23T17:49:23","guid":{"rendered":"https:\/\/daxoretail.es\/blog\/"},"modified":"2024-05-21T13:03:07","modified_gmt":"2024-05-21T11:03:07","slug":"blog","status":"publish","type":"page","link":"https:\/\/daxoretail.es\/es\/blog\/","title":{"rendered":"Blog"},"content":{"rendered":"\t\t<div data-elementor-type=\"wp-page\" data-elementor-id=\"865\" class=\"elementor elementor-865 elementor-20\" data-elementor-post-type=\"page\">\n\t\t\t\t<div class=\"elementor-element elementor-element-98bac83 e-con-full e-flex jltma-glass-effect-no e-con e-parent\" data-id=\"98bac83\" data-element_type=\"container\" data-e-type=\"container\">\n\t\t\t\t<div class=\"elementor-element elementor-element-f73d924 titulo jltma-glass-effect-no elementor-widget elementor-widget-heading\" data-id=\"f73d924\" data-element_type=\"widget\" data-e-type=\"widget\" data-widget_type=\"heading.default\">\n\t\t\t\t<div class=\"elementor-widget-container\">\n\t\t\t\t\t<h1 class=\"elementor-heading-title elementor-size-default\">Nuestro <span>BLOG empresarial<\/span> es su escaparate<br>  al mundo minorista.<\/h1>\t\t\t\t<\/div>\n\t\t\t\t<\/div>\n\t\t\t\t<\/div>\n\t\t<div class=\"elementor-element elementor-element-6efe5a4 e-con-full e-flex jltma-glass-effect-no e-con e-parent\" data-id=\"6efe5a4\" data-element_type=\"container\" data-e-type=\"container\">\n\t\t\t\t<div class=\"elementor-element elementor-element-3aede59 page-blog-text jltma-glass-effect-no elementor-widget elementor-widget-text-editor\" data-id=\"3aede59\" data-element_type=\"widget\" data-e-type=\"widget\" data-widget_type=\"text-editor.default\">\n\t\t\t\t<div class=\"elementor-widget-container\">\n\t\t\t\t\t\t\t\t\t<p>Aqu\u00ed encontrar\u00e1 informaci\u00f3n valiosa, tendencias destacadas y consejos de expertos para potenciar su negocio.<br \/>  Mant\u00e9ngase al d\u00eda de las \u00faltimas novedades del sector y descubra c\u00f3mo llevar su negocio al siguiente nivel<br \/>  con nuestras publicaciones informativas e inspiradoras.<\/p>\n\t\t\t\t\t\t\t\t<\/div>\n\t\t\t\t<\/div>\n\t\t\t\t<\/div>\n\t\t\t\t<section class=\"elementor-section elementor-top-section elementor-element elementor-element-d99a577 elementor-section-full_width elementor-section-height-default elementor-section-height-default jltma-glass-effect-no\" data-id=\"d99a577\" data-element_type=\"section\" data-e-type=\"section\" id=\"xs_blog_light_post_img_8\" data-settings=\"{&quot;background_background&quot;:&quot;classic&quot;}\">\n\t\t\t\t\t\t<div class=\"elementor-container elementor-column-gap-default\">\n\t\t\t\t\t<div class=\"elementor-column elementor-col-100 elementor-top-column elementor-element elementor-element-7a8c4d4c jltma-glass-effect-no\" data-id=\"7a8c4d4c\" data-element_type=\"column\" data-e-type=\"column\">\n\t\t\t<div class=\"elementor-widget-wrap elementor-element-populated\">\n\t\t\t\t\t\t<section class=\"elementor-section elementor-inner-section elementor-element elementor-element-68709d9b elementor-section-full_width elementor-section-height-default elementor-section-height-default jltma-glass-effect-no\" data-id=\"68709d9b\" data-element_type=\"section\" data-e-type=\"section\">\n\t\t\t\t\t\t<div class=\"elementor-container elementor-column-gap-default\">\n\t\t\t\t\t<div class=\"elementor-column elementor-col-100 elementor-inner-column elementor-element elementor-element-f00ec6b jltma-glass-effect-no\" data-id=\"f00ec6b\" data-element_type=\"column\" data-e-type=\"column\">\n\t\t\t<div class=\"elementor-widget-wrap elementor-element-populated\">\n\t\t\t\t\t\t<div class=\"elementor-element elementor-element-623c8260 jltma-glass-effect-no elementor-widget elementor-widget-elementskit-blog-posts\" data-id=\"623c8260\" data-element_type=\"widget\" data-e-type=\"widget\" id=\"entradas\" data-widget_type=\"elementskit-blog-posts.default\">\n\t\t\t\t<div class=\"elementor-widget-container\">\n\t\t\t\t\t<div class=\"ekit-wid-con\" >        <div id=\"post-items--623c8260\" class=\"row post-items\" data-masonry-config=\"true\">\n                    <div class=\"col-lg-4 col-md-6\">\n\n                                    <div class=\"elementskit-post-image-card\">\n                        <div class=\"elementskit-entry-header\">\n                                                            <a href=\"https:\/\/daxoretail.es\/es\/transformacion-de-los-espacios-comerciales\/\" class=\"elementskit-entry-thumb\">\n                                    <img decoding=\"async\" src=\"https:\/\/daxoretail.es\/wp-content\/uploads\/2024\/01\/3-1024x1024.png\" alt=\"Transformaci\u00f3n de los espacios comerciales\">\n                                <\/a><!-- .elementskit-entry-thumb END -->\n                                                            \n                            \n\t\t\t\t\t\t\t\t\t\t\t\t\t<\/div><!-- .elementskit-entry-header END -->\n\n\t\t\t\t\t\t<div class=\"elementskit-post-body \">\n\t\t\t\t\t\t\t\n\t\t\t\t\t\t\t\t\t\t\t\t\t\t\t\t\t\t\t\t\t\t\t\t\t\n\t\t\t\t\t\t\t\t\n\t\t\t\t\t\t\t\t\t\t\t\t\t\t\t\t\t\t\t\t\t<h2 class=\"entry-title\">\n\t\t\t\t\t<a href=\"https:\/\/daxoretail.es\/es\/transformacion-de-los-espacios-comerciales\/\">\n\t\t\t\t\t\tTransformaci\u00f3n de los espacios comerciales\t\t\t\t\t<\/a>\n\t\t\t\t<\/h2>\n\t\t\t\t\t\t\t\t\t\t\t\t\t\t\t\t\t\t\t\t\t\t\t\t\t\t\t\t\t\t\t\t                                                    <\/div><!-- .elementskit-post-body END -->\n                    <\/div>\n                \n            <\/div>\n                <\/div>\n       <\/div>\t\t\t\t<\/div>\n\t\t\t\t<\/div>\n\t\t\t\t\t<\/div>\n\t\t<\/div>\n\t\t\t\t\t<\/div>\n\t\t<\/section>\n\t\t\t\t\t<\/div>\n\t\t<\/div>\n\t\t\t\t\t<\/div>\n\t\t<\/section>\n\t\t\t\t<\/div>\n\t\t","protected":false},"excerpt":{"rendered":"<p>Nuestro BLOG empresarial es su escaparate al mundo minorista. Aqu\u00ed encontrar\u00e1 informaci\u00f3n valiosa, tendencias destacadas y consejos de expertos para potenciar su negocio. Mant\u00e9ngase al d\u00eda de las \u00faltimas novedades del sector y descubra c\u00f3mo llevar su negocio al siguiente nivel con nuestras publicaciones informativas e inspiradoras. Evolving Shopfitting Trends<\/p>\n","protected":false},"author":2,"featured_media":0,"parent":0,"menu_order":0,"comment_status":"closed","ping_status":"closed","template":"elementor_header_footer","meta":{"_acf_changed":false,"footnotes":""},"class_list":["post-865","page","type-page","status-publish","hentry"],"acf":[],"_links":{"self":[{"href":"https:\/\/daxoretail.es\/es\/wp-json\/wp\/v2\/pages\/865","targetHints":{"allow":["GET"]}}],"collection":[{"href":"https:\/\/daxoretail.es\/es\/wp-json\/wp\/v2\/pages"}],"about":[{"href":"https:\/\/daxoretail.es\/es\/wp-json\/wp\/v2\/types\/page"}],"author":[{"embeddable":true,"href":"https:\/\/daxoretail.es\/es\/wp-json\/wp\/v2\/users\/2"}],"replies":[{"embeddable":true,"href":"https:\/\/daxoretail.es\/es\/wp-json\/wp\/v2\/comments?post=865"}],"version-history":[{"count":0,"href":"https:\/\/daxoretail.es\/es\/wp-json\/wp\/v2\/pages\/865\/revisions"}],"wp:attachment":[{"href":"https:\/\/daxoretail.es\/es\/wp-json\/wp\/v2\/media?parent=865"}],"curies":[{"name":"wp","href":"https:\/\/api.w.org\/{rel}","templated":true}]}}