{"id":866,"date":"2024-01-23T18:48:49","date_gmt":"2024-01-23T17:48:49","guid":{"rendered":"https:\/\/daxoretail.es\/about-us\/"},"modified":"2024-04-17T15:31:59","modified_gmt":"2024-04-17T13:31:59","slug":"sobre-nosotros","status":"publish","type":"page","link":"https:\/\/daxoretail.es\/es\/sobre-nosotros\/","title":{"rendered":"Qui\u00e9nes somos"},"content":{"rendered":"\t\t<div data-elementor-type=\"wp-page\" data-elementor-id=\"866\" class=\"elementor elementor-866 elementor-14\" data-elementor-post-type=\"page\">\n\t\t\t\t<div class=\"elementor-element elementor-element-6020515 e-con-full e-flex jltma-glass-effect-no e-con e-parent\" data-id=\"6020515\" data-element_type=\"container\" data-e-type=\"container\">\n\t\t\t\t<div class=\"elementor-element elementor-element-51c5c1f jltma-glass-effect-no elementor-widget elementor-widget-heading\" data-id=\"51c5c1f\" data-element_type=\"widget\" data-e-type=\"widget\" data-widget_type=\"heading.default\">\n\t\t\t\t<div class=\"elementor-widget-container\">\n\t\t\t\t\t<h1 class=\"elementor-heading-title elementor-size-default\">Qui\u00e9nes somos<\/h1>\t\t\t\t<\/div>\n\t\t\t\t<\/div>\n\t\t\t\t<\/div>\n\t\t<div class=\"elementor-element elementor-element-1a3b98f e-con-full e-flex jltma-glass-effect-no e-con e-parent\" data-id=\"1a3b98f\" data-element_type=\"container\" data-e-type=\"container\">\n\t\t<div class=\"elementor-element elementor-element-3ec04da e-con-full about-column-one e-flex jltma-glass-effect-no e-con e-child\" data-id=\"3ec04da\" data-element_type=\"container\" data-e-type=\"container\">\n\t\t\t\t<div class=\"elementor-element elementor-element-ad48f55 jltma-glass-effect-no elementor-widget elementor-widget-heading\" data-id=\"ad48f55\" data-element_type=\"widget\" data-e-type=\"widget\" data-widget_type=\"heading.default\">\n\t\t\t\t<div class=\"elementor-widget-container\">\n\t\t\t\t\t<h2 class=\"elementor-heading-title elementor-size-default\">\"Perseguimos constantemente la excelencia en todos y cada uno de los proyectos de Shopfiting en los que participamos\".<\/h2>\t\t\t\t<\/div>\n\t\t\t\t<\/div>\n\t\t\t\t<div class=\"elementor-element elementor-element-24e8688 jltma-glass-effect-no elementor-widget elementor-widget-text-editor\" data-id=\"24e8688\" data-element_type=\"widget\" data-e-type=\"widget\" data-widget_type=\"text-editor.default\">\n\t\t\t\t<div class=\"elementor-widget-container\">\n\t\t\t\t\t\t\t\t\t<p>DAXO RETAIL est\u00e1 especializada en el equipamiento de tiendas para marcas nacionales e internacionales del sector de la gran distribuci\u00f3n. Somos socios de grandes marcas y podemos ofrecer cobertura mundial, adem\u00e1s de la m\u00e1xima flexibilidad y adaptabilidad para atender las demandas del mercado local.<\/p>\n<p>  Tenemos la capacidad y la experiencia necesarias para garantizar que nuestros proyectos prosperen en un mercado en el que estamos especializados y entendemos a la perfecci\u00f3n. Este es un valor que nos sit\u00faa por encima de los dem\u00e1s en todos los sectores del equipamiento comercial.<\/p>\n<p>  Cada nuevo proyecto es una oportunidad para trabajar con nuestros clientes, gestion\u00e1ndolo todo, desde el concepto hasta la ejecuci\u00f3n, aportando una planificaci\u00f3n minuciosa y trabajadores altamente experimentados en el sector, unos est\u00e1ndares de producci\u00f3n superiores y unos acabados que rozan la excelencia.<\/p>\n<p>  Una parte esencial del servicio que ofrecemos es nuestra concisa evaluaci\u00f3n del proyecto. Contamos con la capacidad de gesti\u00f3n que nos permite supervisar todo el proceso y todos los requisitos, garantizando el cumplimiento del calendario acordado. Esta supervisi\u00f3n exhaustiva de todo el proceso tambi\u00e9n nos permite llevar a cabo proyectos urgentes o con limitaciones presupuestarias.<\/p>\n<p>  DAXO RETAIL es una empresa que puede seguir el ritmo actual de las empresas. Tambi\u00e9n podemos actuar con rapidez, atendiendo a las necesidades de nuestros clientes y sus marcas, adapt\u00e1ndonos a los avances tecnol\u00f3gicos e inform\u00e1ticos gracias a nuestra gran capacidad de respuesta y control de los materiales, el proceso de producci\u00f3n, el acabado y el almacenamiento, lo que, en definitiva, nos permite afrontar los retos con confianza y autoexigencia.<\/p>\n\t\t\t\t\t\t\t\t<\/div>\n\t\t\t\t<\/div>\n\t\t\t\t<div class=\"elementor-element elementor-element-8e9cc74 jltma-glass-effect-no elementor-widget elementor-widget-heading\" data-id=\"8e9cc74\" data-element_type=\"widget\" data-e-type=\"widget\" data-widget_type=\"heading.default\">\n\t\t\t\t<div class=\"elementor-widget-container\">\n\t\t\t\t\t<h3 class=\"elementor-heading-title elementor-size-default\">Daxo Retail se adapta a todas y cada una de las marcas y a sus necesidades espec\u00edficas.<\/h3>\t\t\t\t<\/div>\n\t\t\t\t<\/div>\n\t\t\t\t<\/div>\n\t\t<div class=\"elementor-element elementor-element-9c45ce9 e-con-full about-column-two e-flex jltma-glass-effect-no e-con e-child\" data-id=\"9c45ce9\" data-element_type=\"container\" data-e-type=\"container\">\n\t\t<div class=\"elementor-element elementor-element-ace74d4 e-flex e-con-boxed jltma-glass-effect-no e-con e-child\" data-id=\"ace74d4\" data-element_type=\"container\" data-e-type=\"container\">\n\t\t\t\t\t<div class=\"e-con-inner\">\n\t\t<div class=\"elementor-element elementor-element-54ec4f7 e-flex e-con-boxed jltma-glass-effect-no e-con e-child\" data-id=\"54ec4f7\" data-element_type=\"container\" data-e-type=\"container\">\n\t\t\t\t\t<div class=\"e-con-inner\">\n\t\t\t\t<div class=\"elementor-element elementor-element-d6723d1 about-titles jltma-glass-effect-no elementor-widget elementor-widget-heading\" data-id=\"d6723d1\" data-element_type=\"widget\" data-e-type=\"widget\" data-widget_type=\"heading.default\">\n\t\t\t\t<div class=\"elementor-widget-container\">\n\t\t\t\t\t<h3 class=\"elementor-heading-title elementor-size-default\">Centrado en  <br>rendimiento.<\/h3>\t\t\t\t<\/div>\n\t\t\t\t<\/div>\n\t\t\t\t<div class=\"elementor-element elementor-element-de1326e jltma-glass-effect-no elementor-widget elementor-widget-text-editor\" data-id=\"de1326e\" data-element_type=\"widget\" data-e-type=\"widget\" data-widget_type=\"text-editor.default\">\n\t\t\t\t<div class=\"elementor-widget-container\">\n\t\t\t\t\t\t\t\t\t<p>Comprendemos los h\u00e1bitos de compra para fidelizar a los clientes y aumentar las ventas.<\/p>\n\t\t\t\t\t\t\t\t<\/div>\n\t\t\t\t<\/div>\n\t\t\t\t\t<\/div>\n\t\t\t\t<\/div>\n\t\t<div class=\"elementor-element elementor-element-f75ced6 e-flex e-con-boxed jltma-glass-effect-no e-con e-child\" data-id=\"f75ced6\" data-element_type=\"container\" data-e-type=\"container\">\n\t\t\t\t\t<div class=\"e-con-inner\">\n\t\t\t\t<div class=\"elementor-element elementor-element-900c4b9 about-titles jltma-glass-effect-no elementor-widget elementor-widget-heading\" data-id=\"900c4b9\" data-element_type=\"widget\" data-e-type=\"widget\" data-widget_type=\"heading.default\">\n\t\t\t\t<div class=\"elementor-widget-container\">\n\t\t\t\t\t<h3 class=\"elementor-heading-title elementor-size-default\">Internacional  <br>experiencia.<\/h3>\t\t\t\t<\/div>\n\t\t\t\t<\/div>\n\t\t\t\t<div class=\"elementor-element elementor-element-be4b41f jltma-glass-effect-no elementor-widget elementor-widget-text-editor\" data-id=\"be4b41f\" data-element_type=\"widget\" data-e-type=\"widget\" data-widget_type=\"text-editor.default\">\n\t\t\t\t<div class=\"elementor-widget-container\">\n\t\t\t\t\t\t\t\t\t<p>Tenemos un profundo conocimiento de los mercados mundiales y locales.<\/p>\n\t\t\t\t\t\t\t\t<\/div>\n\t\t\t\t<\/div>\n\t\t\t\t\t<\/div>\n\t\t\t\t<\/div>\n\t\t\t\t\t<\/div>\n\t\t\t\t<\/div>\n\t\t<div class=\"elementor-element elementor-element-6362e1b e-flex e-con-boxed jltma-glass-effect-no e-con e-child\" data-id=\"6362e1b\" data-element_type=\"container\" data-e-type=\"container\">\n\t\t\t\t\t<div class=\"e-con-inner\">\n\t\t<div class=\"elementor-element elementor-element-b10f063 e-flex e-con-boxed jltma-glass-effect-no e-con e-child\" data-id=\"b10f063\" data-element_type=\"container\" data-e-type=\"container\">\n\t\t\t\t\t<div class=\"e-con-inner\">\n\t\t<div class=\"elementor-element elementor-element-28143c6 e-flex e-con-boxed jltma-glass-effect-no e-con e-child\" data-id=\"28143c6\" data-element_type=\"container\" data-e-type=\"container\">\n\t\t\t\t\t<div class=\"e-con-inner\">\n\t\t\t\t<div class=\"elementor-element elementor-element-e75f356 about-titles jltma-glass-effect-no elementor-widget elementor-widget-heading\" data-id=\"e75f356\" data-element_type=\"widget\" data-e-type=\"widget\" data-widget_type=\"heading.default\">\n\t\t\t\t<div class=\"elementor-widget-container\">\n\t\t\t\t\t<h3 class=\"elementor-heading-title elementor-size-default\">Basado en la investigaci\u00f3n.<\/h3>\t\t\t\t<\/div>\n\t\t\t\t<\/div>\n\t\t\t\t<div class=\"elementor-element elementor-element-55f9366 jltma-glass-effect-no elementor-widget elementor-widget-text-editor\" data-id=\"55f9366\" data-element_type=\"widget\" data-e-type=\"widget\" data-widget_type=\"text-editor.default\">\n\t\t\t\t<div class=\"elementor-widget-container\">\n\t\t\t\t\t\t\t\t\t<p>Con X a\u00f1os de experiencia, tenemos un profundo conocimiento.<\/p>\n\t\t\t\t\t\t\t\t<\/div>\n\t\t\t\t<\/div>\n\t\t\t\t\t<\/div>\n\t\t\t\t<\/div>\n\t\t<div class=\"elementor-element elementor-element-898b84e e-flex e-con-boxed jltma-glass-effect-no e-con e-child\" data-id=\"898b84e\" data-element_type=\"container\" data-e-type=\"container\">\n\t\t\t\t\t<div class=\"e-con-inner\">\n\t\t\t\t<div class=\"elementor-element elementor-element-ec59192 about-titles jltma-glass-effect-no elementor-widget elementor-widget-heading\" data-id=\"ec59192\" data-element_type=\"widget\" data-e-type=\"widget\" data-widget_type=\"heading.default\">\n\t\t\t\t<div class=\"elementor-widget-container\">\n\t\t\t\t\t<h3 class=\"elementor-heading-title elementor-size-default\">Colaboraci\u00f3n  <br>filosof\u00eda.<\/h3>\t\t\t\t<\/div>\n\t\t\t\t<\/div>\n\t\t\t\t<div class=\"elementor-element elementor-element-829bf3c jltma-glass-effect-no elementor-widget elementor-widget-text-editor\" data-id=\"829bf3c\" data-element_type=\"widget\" data-e-type=\"widget\" data-widget_type=\"text-editor.default\">\n\t\t\t\t<div class=\"elementor-widget-container\">\n\t\t\t\t\t\t\t\t\t<p>Nuestra filosof\u00eda de colaboraci\u00f3n se centra en satisfacer por igual a compradores, minoristas y fabricantes.<\/p>\n\t\t\t\t\t\t\t\t<\/div>\n\t\t\t\t<\/div>\n\t\t\t\t\t<\/div>\n\t\t\t\t<\/div>\n\t\t\t\t\t<\/div>\n\t\t\t\t<\/div>\n\t\t\t\t\t<\/div>\n\t\t\t\t<\/div>\n\t\t\t\t<\/div>\n\t\t\t\t<\/div>\n\t\t<div class=\"elementor-element elementor-element-4a058ba e-con-full e-flex jltma-glass-effect-no e-con e-parent\" data-id=\"4a058ba\" data-element_type=\"container\" data-e-type=\"container\" data-settings=\"{&quot;background_background&quot;:&quot;classic&quot;}\">\n\t\t<div class=\"elementor-element elementor-element-efa0656 e-flex e-con-boxed jltma-glass-effect-no e-con e-child\" data-id=\"efa0656\" data-element_type=\"container\" data-e-type=\"container\">\n\t\t\t\t\t<div class=\"e-con-inner\">\n\t\t\t\t<div class=\"elementor-element elementor-element-d8e2c14 jltma-glass-effect-no elementor-widget elementor-widget-heading\" data-id=\"d8e2c14\" data-element_type=\"widget\" data-e-type=\"widget\" data-widget_type=\"heading.default\">\n\t\t\t\t<div class=\"elementor-widget-container\">\n\t\t\t\t\t<h3 class=\"elementor-heading-title elementor-size-default\">\u00bfDesea obtener m\u00e1s informaci\u00f3n?<\/h3>\t\t\t\t<\/div>\n\t\t\t\t<\/div>\n\t\t\t\t<div class=\"elementor-element elementor-element-b7c51db jltma-glass-effect-no elementor-widget elementor-widget-text-editor\" data-id=\"b7c51db\" data-element_type=\"widget\" data-e-type=\"widget\" data-widget_type=\"text-editor.default\">\n\t\t\t\t<div class=\"elementor-widget-container\">\n\t\t\t\t\t\t\t\t\t<p>P\u00f3ngase en contacto con nosotros para una consulta sin compromiso y descubra c\u00f3mo nuestra combinaci\u00f3n \u00fanica de refinamiento y dise\u00f1o puede mejorar significativamente el rendimiento de su tienda.<\/p>\n\t\t\t\t\t\t\t\t<\/div>\n\t\t\t\t<\/div>\n\t\t\t\t\t<\/div>\n\t\t\t\t<\/div>\n\t\t<div class=\"elementor-element elementor-element-6910f773 e-flex e-con-boxed jltma-glass-effect-no e-con e-child\" data-id=\"6910f773\" data-element_type=\"container\" data-e-type=\"container\">\n\t\t\t\t\t<div class=\"e-con-inner\">\n\t\t\t\t<div class=\"elementor-element elementor-element-4567d835 elementor-align-center jltma-glass-effect-no elementor-widget elementor-widget-elementskit-button\" data-id=\"4567d835\" data-element_type=\"widget\" data-e-type=\"widget\" data-widget_type=\"elementskit-button.default\">\n\t\t\t\t<div class=\"elementor-widget-container\">\n\t\t\t\t\t<div class=\"ekit-wid-con\" >\t\t<div class=\"ekit-btn-wraper\">\n\t\t\t\t\t\t\t<a href=\"https:\/\/daxoretail.es\/projects\/\" class=\"elementskit-btn  whitespace--normal\" id=\"\">\n\t\t\t\t\tVER NUESTRO TRABAJO\t\t\t\t<\/a>\n\t\t\t\t\t<\/div>\n        <\/div>\t\t\t\t<\/div>\n\t\t\t\t<\/div>\n\t\t\t\t<div class=\"elementor-element elementor-element-4c973e33 elementor-align-center jltma-glass-effect-no elementor-widget elementor-widget-elementskit-button\" data-id=\"4c973e33\" data-element_type=\"widget\" data-e-type=\"widget\" data-widget_type=\"elementskit-button.default\">\n\t\t\t\t<div class=\"elementor-widget-container\">\n\t\t\t\t\t<div class=\"ekit-wid-con\" >\t\t<div class=\"ekit-btn-wraper\">\n\t\t\t\t\t\t\t<a href=\"https:\/\/daxoretail.es\/es\/contacto\/\" class=\"elementskit-btn  whitespace--normal\" id=\"\">\n\t\t\t\t\tCONTACTO\t\t\t\t<\/a>\n\t\t\t\t\t<\/div>\n        <\/div>\t\t\t\t<\/div>\n\t\t\t\t<\/div>\n\t\t\t\t\t<\/div>\n\t\t\t\t<\/div>\n\t\t\t\t<\/div>\n\t\t\t\t<\/div>\n\t\t","protected":false},"excerpt":{"rendered":"<p>Qui\u00e9nes somos \u00abPerseguimos constantemente la excelencia en todos y cada uno de los proyectos de Shopfiting en los que participamos\u00bb. DAXO RETAIL est\u00e1 especializada en el equipamiento de tiendas para marcas nacionales e internacionales del sector de la gran distribuci\u00f3n. Somos socios de grandes marcas y podemos ofrecer cobertura mundial, adem\u00e1s de la m\u00e1xima flexibilidad &#8230; <a title=\"Qui\u00e9nes somos\" class=\"read-more\" href=\"https:\/\/daxoretail.es\/es\/sobre-nosotros\/\" aria-label=\"Leer m\u00e1s sobre Qui\u00e9nes somos\">Leer m\u00e1s<\/a><\/p>\n","protected":false},"author":2,"featured_media":0,"parent":0,"menu_order":0,"comment_status":"closed","ping_status":"closed","template":"elementor_header_footer","meta":{"_acf_changed":false,"footnotes":""},"class_list":["post-866","page","type-page","status-publish"],"acf":[],"_links":{"self":[{"href":"https:\/\/daxoretail.es\/es\/wp-json\/wp\/v2\/pages\/866","targetHints":{"allow":["GET"]}}],"collection":[{"href":"https:\/\/daxoretail.es\/es\/wp-json\/wp\/v2\/pages"}],"about":[{"href":"https:\/\/daxoretail.es\/es\/wp-json\/wp\/v2\/types\/page"}],"author":[{"embeddable":true,"href":"https:\/\/daxoretail.es\/es\/wp-json\/wp\/v2\/users\/2"}],"replies":[{"embeddable":true,"href":"https:\/\/daxoretail.es\/es\/wp-json\/wp\/v2\/comments?post=866"}],"version-history":[{"count":0,"href":"https:\/\/daxoretail.es\/es\/wp-json\/wp\/v2\/pages\/866\/revisions"}],"wp:attachment":[{"href":"https:\/\/daxoretail.es\/es\/wp-json\/wp\/v2\/media?parent=866"}],"curies":[{"name":"wp","href":"https:\/\/api.w.org\/{rel}","templated":true}]}}