{"id":876,"date":"2024-01-23T18:52:16","date_gmt":"2024-01-23T17:52:16","guid":{"rendered":"https:\/\/daxoretail.es\/legal-notice\/"},"modified":"2024-03-26T11:24:38","modified_gmt":"2024-03-26T10:24:38","slug":"aviso-legal","status":"publish","type":"page","link":"https:\/\/daxoretail.es\/es\/aviso-legal\/","title":{"rendered":"Aviso legal"},"content":{"rendered":"\t\t<div data-elementor-type=\"wp-page\" data-elementor-id=\"876\" class=\"elementor elementor-876 elementor-26\" data-elementor-post-type=\"page\">\n\t\t\t\t<div class=\"elementor-element elementor-element-7290630 e-con-full e-flex jltma-glass-effect-no e-con e-parent\" data-id=\"7290630\" data-element_type=\"container\" data-e-type=\"container\">\n\t\t\t\t<div class=\"elementor-element elementor-element-cbb2929 jltma-glass-effect-no elementor-widget elementor-widget-heading\" data-id=\"cbb2929\" data-element_type=\"widget\" data-e-type=\"widget\" data-widget_type=\"heading.default\">\n\t\t\t\t<div class=\"elementor-widget-container\">\n\t\t\t\t\t<h1 class=\"elementor-heading-title elementor-size-default\">Aviso legal<\/h1>\t\t\t\t<\/div>\n\t\t\t\t<\/div>\n\t\t\t\t<\/div>\n\t\t<div class=\"elementor-element elementor-element-4a25b11 e-con-full e-flex jltma-glass-effect-no e-con e-parent\" data-id=\"4a25b11\" data-element_type=\"container\" data-e-type=\"container\">\n\t\t\t\t<div class=\"elementor-element elementor-element-8ea85ff jltma-glass-effect-no elementor-widget elementor-widget-text-editor\" data-id=\"8ea85ff\" data-element_type=\"widget\" data-e-type=\"widget\" data-widget_type=\"text-editor.default\">\n\t\t\t\t<div class=\"elementor-widget-container\">\n\t\t\t\t\t\t\t\t\t<p>En cumplimiento de la Ley Org\u00e1nica 15\/1999, de 13 de diciembre, de Protecci\u00f3n de Datos de Car\u00e1cter Personal, le informamos que sus datos personales que puedan estar contenidos en esta comunicaci\u00f3n est\u00e1n incluidos en un fichero cuyo responsable es la sociedad mercantil DAXO RETAIL S.L., con CIF B16865750, inscrita en el Registro Mercantil de Barcelona, Tomo 48008, Folio 126, Hoja N\u00famero B569319, inscripci\u00f3n 1\u00aa. La finalidad de este fichero es gestionar el servicio solicitado.<\/p>\n<p>El usuario garantiza la autenticidad de todos aquellos datos que comunique a trav\u00e9s de www.daxoretail.es y mantendr\u00e1 actualizada la informaci\u00f3n que facilite a DAXO RETAIL S.L. de forma que responda en todo momento a su situaci\u00f3n real, siendo el usuario el \u00fanico responsable de las manifestaciones falsas o inexactas que realice, as\u00ed como de los perjuicios que cause por ello a DAXO RETAIL S.L. o a terceros.<\/p>\n<p>DAXO RETAIL S.L. no se responsabiliza del uso incorrecto, inapropiado o il\u00edcito de la informaci\u00f3n aparecida en las p\u00e1ginas de Internet de DAXO RETAIL S.L..<\/p>\n<p>Con los l\u00edmites establecidos en la ley, DAXO RETAIL S.L. declina cualquier responsabilidad derivada de la falta de veracidad, integridad, actualizaci\u00f3n y precisi\u00f3n de los datos o informaciones que se contienen en sus p\u00e1ginas de Internet. Los contenidos e informaci\u00f3n de la p\u00e1gina web de DAXO RETAIL S.L. est\u00e1n elaborados por profesionales debidamente cualificados para el ejercicio de su profesi\u00f3n. Sin embargo, los contenidos e informaci\u00f3n no vinculan a la empresa ni constituyen opiniones, consejos o asesoramiento legal de ning\u00fan tipo, pues se trata meramente de un servicio ofrecido con car\u00e1cter informativo y divulgativo.<\/p>\n<p>El sitio web de DAXO RETAIL S.L. puede contener enlaces a otros sitios web de terceros. Por ello, DAXO RETAIL S.L. no puede asumir responsabilidades por el contenido de dichas p\u00e1ginas de terceros. Los textos, im\u00e1genes, sonidos, animaciones, software y el resto de contenidos incluidos en este website son propiedad exclusiva de DAXO RETAIL S.L. o sus licenciantes. Cualquier acto de transmisi\u00f3n, distribuci\u00f3n, cesi\u00f3n, reproducci\u00f3n, almacenamiento o comunicaci\u00f3n p\u00fablica requerir\u00e1 el consentimiento expreso de DAXO RETAIL S.L.<\/p>\n<p>Asimismo, y para acceder a los servicios que DAXO RETAIL S.L. ofrece a trav\u00e9s del website, deber\u00e1 proporcionar algunos datos de car\u00e1cter personal. En cumplimiento de lo establecido en la LOPD 15\/1999, de 13 de diciembre, le informamos que sus datos personales quedar\u00e1n incorporados y ser\u00e1n tratados en los ficheros titularidad de DAXO RETAIL S.L., con el fin de poderle prestar y ofrecer nuestros servicios. Asimismo, le informamos de la posibilidad de que ejerza los derechos de acceso, rectificaci\u00f3n, cancelaci\u00f3n y oposici\u00f3n de sus datos de car\u00e1cter personal en C\/ BALMES 200. 2\u00ba2\u00aa. BARCELONA.<\/p>\n<p>Mediante la aceptaci\u00f3n del presente Aviso Legal, usted tambi\u00e9n presta su consentimiento expreso para que DAXO RETAIL S.L. pueda remitirle comunicaciones publicitarias o promocionales por correo electr\u00f3nico o por cualquier otro medio de comunicaci\u00f3n equivalente en los t\u00e9rminos previstos en la Ley 34\/2002, de Servicios de la Sociedad de la Informaci\u00f3n y de Comercio Electr\u00f3nico.<\/p>\n<p>Si no est\u00e1 interesado en recibir este tipo de comunicaciones, puede ponerse en contacto con DAXO RETAIL S.L. en la direcci\u00f3n arriba indicada o en la direcci\u00f3n de correo electr\u00f3nico marketing@daxoretail.es, manifestando su deseo de no recibir dichas comunicaciones.<\/p>\n<p>Mediante la cumplimentaci\u00f3n y env\u00edo de los correspondientes formularios de este sitio web, el Usuario acepta y autoriza que sus datos personales sean objeto de tratamiento automatizado por parte de DAXO RETAIL S.L. En caso de que Ud. incluya datos de car\u00e1cter personal titularidad de terceras personas en los formularios de este sitio web, deber\u00e1, con car\u00e1cter previo a su inclusi\u00f3n, obtener su consentimiento e informarle de los extremos contenidos en los p\u00e1rrafos anteriores.<\/p>\n\t\t\t\t\t\t\t\t<\/div>\n\t\t\t\t<\/div>\n\t\t\t\t<\/div>\n\t\t<div class=\"elementor-element elementor-element-d5230a9 e-con-full e-flex jltma-glass-effect-no e-con e-parent\" data-id=\"d5230a9\" data-element_type=\"container\" data-e-type=\"container\">\n\t\t\t\t<div class=\"elementor-element elementor-element-6e49ffd jltma-glass-effect-no elementor-widget elementor-widget-heading\" data-id=\"6e49ffd\" data-element_type=\"widget\" data-e-type=\"widget\" data-widget_type=\"heading.default\">\n\t\t\t\t<div class=\"elementor-widget-container\">\n\t\t\t\t\t<h2 class=\"elementor-heading-title elementor-size-default\">COPYRIGHT<\/h2>\t\t\t\t<\/div>\n\t\t\t\t<\/div>\n\t\t\t\t<\/div>\n\t\t<div class=\"elementor-element elementor-element-77a2517 e-con-full e-flex jltma-glass-effect-no e-con e-parent\" data-id=\"77a2517\" data-element_type=\"container\" data-e-type=\"container\">\n\t\t\t\t<div class=\"elementor-element elementor-element-b614d45 jltma-glass-effect-no elementor-widget elementor-widget-text-editor\" data-id=\"b614d45\" data-element_type=\"widget\" data-e-type=\"widget\" data-widget_type=\"text-editor.default\">\n\t\t\t\t<div class=\"elementor-widget-container\">\n\t\t\t\t\t\t\t\t\t<p>Esta web es propiedad de DAXO RETAIL S.L. Los derechos de Propiedad Intelectual y derechos de explotaci\u00f3n y reproducci\u00f3n de esta web, de sus p\u00e1ginas, pantallas, la informaci\u00f3n que contienen, su apariencia y funcionamiento, as\u00ed como los v\u00ednculos (\u00abhiperlinks\u00bb) que se establezcan desde ella a otras p\u00e1ginas web de cualquier sociedad filial y\/o participada de DAXO RETAIL S.L., son propiedad exclusiva de \u00e9sta, salvo que expresamente se especifique otra cosa. Cualquier denominaci\u00f3n, dise\u00f1o y\/o logotipo, as\u00ed como cualquier producto o servicio ofrecidos y reflejados en esta p\u00e1gina web, son marcas debidamente registradas por DAXO RETAIL S.L., por sus sociedades filiales y\/o participadas o por terceros.  <\/p>\n<p>Cualquier uso indebido de los mismos por persona distinta de su leg\u00edtimo titular y sin consentimiento expreso e inequ\u00edvoco de \u00e9ste podr\u00e1 ser denunciado y perseguido por todos los medios legales disponibles en el Ordenamiento Jur\u00eddico Espa\u00f1ol y\/o Comunitario.<\/p>\n<p>Los derechos de propiedad intelectual y marcas de terceros est\u00e1n destacados convenientemente y deben ser respetados por todo aqu\u00e9l que acceda a esta p\u00e1gina, no siendo responsabilidad de DAXO RETAIL S.L. el uso que el usuario pueda llevar a cabo al respecto, recayendo la responsabilidad exclusiva en su persona.<\/p>\n<p>Los contenidos pueden descargarse, copiarse o imprimirse desde cualquier p\u00e1gina de este sitio web exclusivamente para uso personal y privado. Queda prohibida la reproducci\u00f3n, transmisi\u00f3n, modificaci\u00f3n o supresi\u00f3n de la informaci\u00f3n, contenido o advertencias de esta p\u00e1gina web sin el previo consentimiento por escrito de DAXO RETAIL S.L.<\/p>\n\t\t\t\t\t\t\t\t<\/div>\n\t\t\t\t<\/div>\n\t\t\t\t<\/div>\n\t\t<div class=\"elementor-element elementor-element-57568b4 e-con-full e-flex jltma-glass-effect-no e-con e-parent\" data-id=\"57568b4\" data-element_type=\"container\" data-e-type=\"container\">\n\t\t\t\t<div class=\"elementor-element elementor-element-c306a43 jltma-glass-effect-no elementor-widget elementor-widget-heading\" data-id=\"c306a43\" data-element_type=\"widget\" data-e-type=\"widget\" data-widget_type=\"heading.default\">\n\t\t\t\t<div class=\"elementor-widget-container\">\n\t\t\t\t\t<h2 class=\"elementor-heading-title elementor-size-default\">LEGISLACI\u00d3N Y JURISDICCI\u00d3N APLICABLES<\/h2>\t\t\t\t<\/div>\n\t\t\t\t<\/div>\n\t\t\t\t<\/div>\n\t\t<div class=\"elementor-element elementor-element-eac9bac e-con-full e-flex jltma-glass-effect-no e-con e-parent\" data-id=\"eac9bac\" data-element_type=\"container\" data-e-type=\"container\">\n\t\t\t\t<div class=\"elementor-element elementor-element-5d78eee jltma-glass-effect-no elementor-widget elementor-widget-text-editor\" data-id=\"5d78eee\" data-element_type=\"widget\" data-e-type=\"widget\" data-widget_type=\"text-editor.default\">\n\t\t\t\t<div class=\"elementor-widget-container\">\n\t\t\t\t\t\t\t\t\t<p>Las presentes condiciones generales se rigen por la legislaci\u00f3n espa\u00f1ola, siendo competentes los Juzgados y Tribunales espa\u00f1oles para resolver cuantas cuestiones se susciten sobre su interpretaci\u00f3n, cumplimiento y ejecuci\u00f3n. El usuario, por la aceptaci\u00f3n de las condiciones generales recogidas en este aviso legal, renuncia expresamente a cualquier fuero que pudiera corresponderle de acuerdo con la Ley de Enjuiciamiento Civil [Rules of Civil Procedure].<\/p>\n\t\t\t\t\t\t\t\t<\/div>\n\t\t\t\t<\/div>\n\t\t\t\t<\/div>\n\t\t\t\t<\/div>\n\t\t","protected":false},"excerpt":{"rendered":"<p>Aviso legal En cumplimiento de la Ley Org\u00e1nica 15\/1999, de 13 de diciembre, de Protecci\u00f3n de Datos de Car\u00e1cter Personal, le informamos que sus datos personales que puedan estar contenidos en esta comunicaci\u00f3n est\u00e1n incluidos en un fichero cuyo responsable es la sociedad mercantil DAXO RETAIL S.L., con CIF B16865750, inscrita en el Registro Mercantil &#8230; <a title=\"Aviso legal\" class=\"read-more\" href=\"https:\/\/daxoretail.es\/es\/aviso-legal\/\" aria-label=\"Leer m\u00e1s sobre Aviso legal\">Leer m\u00e1s<\/a><\/p>\n","protected":false},"author":2,"featured_media":0,"parent":0,"menu_order":0,"comment_status":"closed","ping_status":"closed","template":"elementor_header_footer","meta":{"_acf_changed":false,"footnotes":""},"class_list":["post-876","page","type-page","status-publish"],"acf":[],"_links":{"self":[{"href":"https:\/\/daxoretail.es\/es\/wp-json\/wp\/v2\/pages\/876","targetHints":{"allow":["GET"]}}],"collection":[{"href":"https:\/\/daxoretail.es\/es\/wp-json\/wp\/v2\/pages"}],"about":[{"href":"https:\/\/daxoretail.es\/es\/wp-json\/wp\/v2\/types\/page"}],"author":[{"embeddable":true,"href":"https:\/\/daxoretail.es\/es\/wp-json\/wp\/v2\/users\/2"}],"replies":[{"embeddable":true,"href":"https:\/\/daxoretail.es\/es\/wp-json\/wp\/v2\/comments?post=876"}],"version-history":[{"count":0,"href":"https:\/\/daxoretail.es\/es\/wp-json\/wp\/v2\/pages\/876\/revisions"}],"wp:attachment":[{"href":"https:\/\/daxoretail.es\/es\/wp-json\/wp\/v2\/media?parent=876"}],"curies":[{"name":"wp","href":"https:\/\/api.w.org\/{rel}","templated":true}]}}