{"id":885,"date":"2024-01-23T18:49:05","date_gmt":"2024-01-23T17:49:05","guid":{"rendered":"https:\/\/daxoretail.es\/services\/"},"modified":"2024-03-26T12:38:31","modified_gmt":"2024-03-26T11:38:31","slug":"servicios","status":"publish","type":"page","link":"https:\/\/daxoretail.es\/es\/servicios\/","title":{"rendered":"Servicios"},"content":{"rendered":"\t\t<div data-elementor-type=\"wp-page\" data-elementor-id=\"885\" class=\"elementor elementor-885 elementor-16\" data-elementor-post-type=\"page\">\n\t\t\t\t<div class=\"elementor-element elementor-element-413aae2 e-con-full e-flex jltma-glass-effect-no e-con e-parent\" data-id=\"413aae2\" data-element_type=\"container\" data-e-type=\"container\" data-settings=\"{&quot;background_background&quot;:&quot;classic&quot;}\">\n\t\t<div class=\"elementor-element elementor-element-f0cff87 e-con-full services-first-container e-flex jltma-glass-effect-no e-con e-child\" data-id=\"f0cff87\" data-element_type=\"container\" data-e-type=\"container\">\n\t\t\t\t<div class=\"elementor-element elementor-element-2aa9c51 services-title jltma-glass-effect-no elementor-widget elementor-widget-text-editor\" data-id=\"2aa9c51\" data-element_type=\"widget\" data-e-type=\"widget\" data-widget_type=\"text-editor.default\">\n\t\t\t\t<div class=\"elementor-widget-container\">\n\t\t\t\t\t\t\t\t\t<p>Transformamos una idea en un proyecto tangible a trav\u00e9s de nuestro trabajo<br \/>  proceso y un equipo de especialistas que comprenden, desarrollan<br \/>  y ejecutar sus conceptos.<\/p>\n\t\t\t\t\t\t\t\t<\/div>\n\t\t\t\t<\/div>\n\t\t\t\t<\/div>\n\t\t\t\t<\/div>\n\t\t<div class=\"elementor-element elementor-element-69739a4 e-con-full e-flex jltma-glass-effect-no e-con e-parent\" data-id=\"69739a4\" data-element_type=\"container\" data-e-type=\"container\">\n\t\t<div class=\"elementor-element elementor-element-89fb102 e-con-full e-flex jltma-glass-effect-no e-con e-child\" data-id=\"89fb102\" data-element_type=\"container\" data-e-type=\"container\">\n\t\t\t\t<div class=\"elementor-element elementor-element-d41c0dc jltma-glass-effect-no elementor-widget elementor-widget-image\" data-id=\"d41c0dc\" data-element_type=\"widget\" data-e-type=\"widget\" data-widget_type=\"image.default\">\n\t\t\t\t<div class=\"elementor-widget-container\">\n\t\t\t\t\t\t\t\t\t\t\t\t\t\t\t<img fetchpriority=\"high\" decoding=\"async\" width=\"536\" height=\"536\" src=\"https:\/\/daxoretail.es\/wp-content\/uploads\/2024\/02\/daxo-worker.jpg\" class=\"attachment-full size-full wp-image-814\" alt=\"\" srcset=\"https:\/\/daxoretail.es\/wp-content\/uploads\/2024\/02\/daxo-worker.jpg 536w, https:\/\/daxoretail.es\/wp-content\/uploads\/2024\/02\/daxo-worker-300x300.jpg 300w, https:\/\/daxoretail.es\/wp-content\/uploads\/2024\/02\/daxo-worker-150x150.jpg 150w\" sizes=\"(max-width: 536px) 100vw, 536px\" \/>\t\t\t\t\t\t\t\t\t\t\t\t\t\t\t<\/div>\n\t\t\t\t<\/div>\n\t\t\t\t<\/div>\n\t\t<div class=\"elementor-element elementor-element-72ec841 e-flex e-con-boxed jltma-glass-effect-no e-con e-child\" data-id=\"72ec841\" data-element_type=\"container\" data-e-type=\"container\">\n\t\t\t\t\t<div class=\"e-con-inner\">\n\t\t\t\t<div class=\"elementor-element elementor-element-ecc7d54 jltma-glass-effect-no elementor-widget elementor-widget-text-editor\" data-id=\"ecc7d54\" data-element_type=\"widget\" data-e-type=\"widget\" data-widget_type=\"text-editor.default\">\n\t\t\t\t<div class=\"elementor-widget-container\">\n\t\t\t\t\t\t\t\t\t<p>Desde una tienda local hasta el equipamiento de tiendas para una marca internacional, nuestro riguroso proceso de gesti\u00f3n de proyectos nos permite garantizar una entrega con altos niveles de calidad, dentro de los plazos previstos y siempre de acuerdo con el presupuesto acordado con los responsables de la marca.<\/p>\n<p>  El proyecto final de equipamiento de tiendas depender\u00e1 de los mandatos de cada marca y centro. Todos los proyectos comienzan con una fase de planificaci\u00f3n que nos permite elegir el enfoque a medida m\u00e1s \u00f3ptimo para cada cliente.<\/p>\n\t\t\t\t\t\t\t\t<\/div>\n\t\t\t\t<\/div>\n\t\t\t\t\t<\/div>\n\t\t\t\t<\/div>\n\t\t\t\t<\/div>\n\t\t<div class=\"elementor-element elementor-element-09564af e-flex e-con-boxed jltma-glass-effect-no e-con e-parent\" data-id=\"09564af\" data-element_type=\"container\" data-e-type=\"container\" data-settings=\"{&quot;background_background&quot;:&quot;classic&quot;}\">\n\t\t\t\t\t<div class=\"e-con-inner\">\n\t\t\t\t<div class=\"elementor-element elementor-element-855b046 jltma-glass-effect-no elementor-widget elementor-widget-heading\" data-id=\"855b046\" data-element_type=\"widget\" data-e-type=\"widget\" data-widget_type=\"heading.default\">\n\t\t\t\t<div class=\"elementor-widget-container\">\n\t\t\t\t\t<h2 class=\"elementor-heading-title elementor-size-default\">\u00bfQu\u00e9 servicios ofrecemos?<\/h2>\t\t\t\t<\/div>\n\t\t\t\t<\/div>\n\t\t<div class=\"elementor-element elementor-element-73ee80c e-flex e-con-boxed jltma-glass-effect-no e-con e-child\" data-id=\"73ee80c\" data-element_type=\"container\" data-e-type=\"container\">\n\t\t\t\t\t<div class=\"e-con-inner\">\n\t\t\t\t<div class=\"elementor-element elementor-element-99d2b3d elementor-align-left jltma-glass-effect-no elementor-widget elementor-widget-elementskit-button\" data-id=\"99d2b3d\" data-element_type=\"widget\" data-e-type=\"widget\" data-widget_type=\"elementskit-button.default\">\n\t\t\t\t<div class=\"elementor-widget-container\">\n\t\t\t\t\t<div class=\"ekit-wid-con\" >\t\t<div class=\"ekit-btn-wraper\">\n\t\t\t\t\t\t\t<a href=\"#\" class=\"elementskit-btn  whitespace--normal\" id=\"\">\n\t\t\t\t\tSHOPFITTING\t\t\t\t<\/a>\n\t\t\t\t\t<\/div>\n        <\/div>\t\t\t\t<\/div>\n\t\t\t\t<\/div>\n\t\t<div class=\"elementor-element elementor-element-f8b7423 e-flex e-con-boxed jltma-glass-effect-no e-con e-child\" data-id=\"f8b7423\" data-element_type=\"container\" data-e-type=\"container\">\n\t\t\t\t\t<div class=\"e-con-inner\">\n\t\t<div class=\"elementor-element elementor-element-526d018 e-flex e-con-boxed jltma-glass-effect-no e-con e-child\" data-id=\"526d018\" data-element_type=\"container\" data-e-type=\"container\">\n\t\t\t\t\t<div class=\"e-con-inner\">\n\t\t\t\t<div class=\"elementor-element elementor-element-79b0ba6 jltma-glass-effect-no elementor-widget elementor-widget-text-editor\" data-id=\"79b0ba6\" data-element_type=\"widget\" data-e-type=\"widget\" data-widget_type=\"text-editor.default\">\n\t\t\t\t<div class=\"elementor-widget-container\">\n\t\t\t\t\t\t\t\t\t&#8211; Soluci\u00f3n completa llave en mano<br> \n&#8211; Gesti\u00f3n de proyectos<br> \n&#8211; Experiencia BREEAM  <br>\n&#8211; Mostradores a medida  <br>\n&#8211; Carpinter\u00eda a medida  <br>\n&#8211; Instalaci\u00f3n mec\u00e1nica y el\u00e9ctrica  <br>\n&#8211; Esquemas decorativos\t\t\t\t\t\t\t\t<\/div>\n\t\t\t\t<\/div>\n\t\t\t\t\t<\/div>\n\t\t\t\t<\/div>\n\t\t<div class=\"elementor-element elementor-element-395f602 e-flex e-con-boxed jltma-glass-effect-no e-con e-child\" data-id=\"395f602\" data-element_type=\"container\" data-e-type=\"container\">\n\t\t\t\t\t<div class=\"e-con-inner\">\n\t\t\t\t<div class=\"elementor-element elementor-element-8cd2f07 jltma-glass-effect-no elementor-widget elementor-widget-text-editor\" data-id=\"8cd2f07\" data-element_type=\"widget\" data-e-type=\"widget\" data-widget_type=\"text-editor.default\">\n\t\t\t\t<div class=\"elementor-widget-container\">\n\t\t\t\t\t\t\t\t\t&#8211; Resina y suelos industriales<br>\n&#8211; Sistemas de estanter\u00edas<br> \n&#8211; Fabricaci\u00f3n de muebles  <br>\n&#8211; Fachada exterior de la tienda  <br>\n&#8211; Asientos fijos &#8211; Expositores\t\t\t\t\t\t\t\t<\/div>\n\t\t\t\t<\/div>\n\t\t\t\t\t<\/div>\n\t\t\t\t<\/div>\n\t\t\t\t\t<\/div>\n\t\t\t\t<\/div>\n\t\t<div class=\"elementor-element elementor-element-8bdaa80 e-flex e-con-boxed jltma-glass-effect-no e-con e-child\" data-id=\"8bdaa80\" data-element_type=\"container\" data-e-type=\"container\">\n\t\t\t\t\t<div class=\"e-con-inner\">\n\t\t\t\t<div class=\"elementor-element elementor-element-4d63a88 elementor-align-center jltma-glass-effect-no elementor-widget elementor-widget-elementskit-button\" data-id=\"4d63a88\" data-element_type=\"widget\" data-e-type=\"widget\" data-widget_type=\"elementskit-button.default\">\n\t\t\t\t<div class=\"elementor-widget-container\">\n\t\t\t\t\t<div class=\"ekit-wid-con\" >\t\t<div class=\"ekit-btn-wraper\">\n\t\t\t\t\t\t\t<a href=\"https:\/\/daxoretail.es\/es\/proyectos\/\" class=\"elementskit-btn  whitespace--normal\" id=\"\">\n\t\t\t\t\tDESCUBRA NUESTROS CASOS DE \u00c9XITO\t\t\t\t<\/a>\n\t\t\t\t\t<\/div>\n        <\/div>\t\t\t\t<\/div>\n\t\t\t\t<\/div>\n\t\t\t\t\t<\/div>\n\t\t\t\t<\/div>\n\t\t\t\t\t<\/div>\n\t\t\t\t<\/div>\n\t\t\t\t\t<\/div>\n\t\t\t\t<\/div>\n\t\t\t\t<\/div>\n\t\t","protected":false},"excerpt":{"rendered":"<p>Transformamos una idea en un proyecto tangible a trav\u00e9s de nuestro trabajo proceso y un equipo de especialistas que comprenden, desarrollan y ejecutar sus conceptos. Desde una tienda local hasta el equipamiento de tiendas para una marca internacional, nuestro riguroso proceso de gesti\u00f3n de proyectos nos permite garantizar una entrega con altos niveles de calidad, &#8230; <a title=\"Servicios\" class=\"read-more\" href=\"https:\/\/daxoretail.es\/es\/servicios\/\" aria-label=\"Leer m\u00e1s sobre Servicios\">Leer m\u00e1s<\/a><\/p>\n","protected":false},"author":2,"featured_media":0,"parent":0,"menu_order":0,"comment_status":"closed","ping_status":"closed","template":"elementor_header_footer","meta":{"_acf_changed":false,"footnotes":""},"class_list":["post-885","page","type-page","status-publish"],"acf":[],"_links":{"self":[{"href":"https:\/\/daxoretail.es\/es\/wp-json\/wp\/v2\/pages\/885","targetHints":{"allow":["GET"]}}],"collection":[{"href":"https:\/\/daxoretail.es\/es\/wp-json\/wp\/v2\/pages"}],"about":[{"href":"https:\/\/daxoretail.es\/es\/wp-json\/wp\/v2\/types\/page"}],"author":[{"embeddable":true,"href":"https:\/\/daxoretail.es\/es\/wp-json\/wp\/v2\/users\/2"}],"replies":[{"embeddable":true,"href":"https:\/\/daxoretail.es\/es\/wp-json\/wp\/v2\/comments?post=885"}],"version-history":[{"count":0,"href":"https:\/\/daxoretail.es\/es\/wp-json\/wp\/v2\/pages\/885\/revisions"}],"wp:attachment":[{"href":"https:\/\/daxoretail.es\/es\/wp-json\/wp\/v2\/media?parent=885"}],"curies":[{"name":"wp","href":"https:\/\/api.w.org\/{rel}","templated":true}]}}